{"id":7476,"date":"2025-01-17T08:04:49","date_gmt":"2025-01-17T08:04:49","guid":{"rendered":"https:\/\/3rd-eyes.com\/webinar-registration\/"},"modified":"2025-02-07T09:38:58","modified_gmt":"2025-02-07T09:38:58","slug":"webinar-registrierung","status":"publish","type":"page","link":"https:\/\/3rd-eyes.com\/de\/webinar-registrierung\/","title":{"rendered":"Webinar-Anmeldung"},"content":{"rendered":"\t\t<div data-elementor-type=\"wp-page\" data-elementor-id=\"7476\" class=\"elementor elementor-7476 elementor-7159\">\n\t\t\t\t<div class=\"elementor-element elementor-element-e69ba05 main_banner customer_banner hide_overlay webinar_listing_banner e-con-full e-flex e-con e-parent\" data-id=\"e69ba05\" data-element_type=\"container\" data-e-type=\"container\" data-settings=\"{&quot;background_background&quot;:&quot;classic&quot;,&quot;pix_scale_in&quot;:&quot;none&quot;}\">\n\t\t<div class=\"elementor-element elementor-element-7056a4b e-con-full e-flex e-con e-child\" data-id=\"7056a4b\" data-element_type=\"container\" data-e-type=\"container\" data-settings=\"{&quot;pix_scale_in&quot;:&quot;none&quot;}\">\n\t\t<div class=\"elementor-element elementor-element-bb2f445 e-con-full banner_content e-flex e-con e-child\" data-id=\"bb2f445\" data-element_type=\"container\" data-e-type=\"container\" data-settings=\"{&quot;pix_scale_in&quot;:&quot;none&quot;}\">\n\t\t\t\t<div class=\"elementor-element elementor-element-c7d54b3 upcomingwebinarcategory elementor-widget elementor-widget-heading\" data-id=\"c7d54b3\" data-element_type=\"widget\" data-e-type=\"widget\" data-widget_type=\"heading.default\">\n\t\t\t\t<div class=\"elementor-widget-container\">\n\t\t\t\t\t<h1 class=\"elementor-heading-title elementor-size-default\">Webinare<\/h1>\t\t\t\t<\/div>\n\t\t\t\t<\/div>\n\t\t\t\t<div class=\"elementor-element elementor-element-727dae1 webinarposttitle elementor-widget elementor-widget-heading\" data-id=\"727dae1\" data-element_type=\"widget\" data-e-type=\"widget\" data-widget_type=\"heading.default\">\n\t\t\t\t<div class=\"elementor-widget-container\">\n\t\t\t\t\t<h2 class=\"elementor-heading-title elementor-size-default\">Webinare<\/h2>\t\t\t\t<\/div>\n\t\t\t\t<\/div>\n\t\t\t\t<div class=\"elementor-element elementor-element-f8302c9 webinarpostexcerpt elementor-widget elementor-widget-text-editor\" data-id=\"f8302c9\" data-element_type=\"widget\" data-e-type=\"widget\" data-widget_type=\"text-editor.default\">\n\t\t\t\t<div class=\"elementor-widget-container\">\n\t\t\t\t\t\t\t\t\t<p>Webinar-Auszug.<\/p>\n\t\t\t\t\t\t\t\t<\/div>\n\t\t\t\t<\/div>\n\t\t\t\t<div class=\"elementor-element elementor-element-7581e9f hover_white webinarregisterationlink elementor-widget elementor-widget-button\" data-id=\"7581e9f\" data-element_type=\"widget\" data-e-type=\"widget\" data-widget_type=\"button.default\">\n\t\t\t\t<div class=\"elementor-widget-container\">\n\t\t\t\t\t\t\t\t\t<div class=\"elementor-button-wrapper\">\n\t\t\t\t\t<a class=\"elementor-button elementor-button-link elementor-size-sm\" href=\"#\">\n\t\t\t\t\t\t<span class=\"elementor-button-content-wrapper\">\n\t\t\t\t\t\t\t\t\t<span class=\"elementor-button-text\">Jetzt registrieren<\/span>\n\t\t\t\t\t<\/span>\n\t\t\t\t\t<\/a>\n\t\t\t\t<\/div>\n\t\t\t\t\t\t\t\t<\/div>\n\t\t\t\t<\/div>\n\t\t\t\t<\/div>\n\t\t\t\t<\/div>\n\t\t<div class=\"elementor-element elementor-element-f286f88 e-con-full webinar-main upcoming-webinar-slider banner_webinars e-flex e-con e-child\" data-id=\"f286f88\" data-element_type=\"container\" data-e-type=\"container\" data-settings=\"{&quot;pix_scale_in&quot;:&quot;none&quot;}\">\n\t\t\t\t<div class=\"elementor-element elementor-element-029e76b elementor-widget elementor-widget-shortcode\" data-id=\"029e76b\" data-element_type=\"widget\" data-e-type=\"widget\" data-widget_type=\"shortcode.default\">\n\t\t\t\t<div class=\"elementor-widget-container\">\n\t\t\t\t\t\t\t<div class=\"elementor-shortcode\"><\/div>\n\t\t\t\t\t\t<\/div>\n\t\t\t\t<\/div>\n\t\t\t\t<\/div>\n\t\t\t\t<\/div>\n\t\t<div class=\"elementor-element elementor-element-c71a9c2 e-flex e-con-boxed e-con e-parent\" data-id=\"c71a9c2\" data-element_type=\"container\" data-e-type=\"container\" data-settings=\"{&quot;pix_scale_in&quot;:&quot;none&quot;}\">\n\t\t\t\t\t<div class=\"e-con-inner\">\n\t\t<div class=\"elementor-element elementor-element-a9a64b4 e-con-full e-flex e-con e-child\" data-id=\"a9a64b4\" data-element_type=\"container\" data-e-type=\"container\" data-settings=\"{&quot;pix_scale_in&quot;:&quot;none&quot;}\">\n\t\t\t\t<div class=\"elementor-element elementor-element-321b8d5 para_as_heading elementor-widget elementor-widget-heading\" data-id=\"321b8d5\" data-element_type=\"widget\" data-e-type=\"widget\" data-widget_type=\"heading.default\">\n\t\t\t\t<div class=\"elementor-widget-container\">\n\t\t\t\t\t<p class=\"elementor-heading-title elementor-size-default\">Webinar-Bibliothek<\/p>\t\t\t\t<\/div>\n\t\t\t\t<\/div>\n\t\t\t\t<div class=\"elementor-element elementor-element-c79150b elementor-widget-mobile__width-inherit elementor-widget__width-inherit elementor-widget elementor-widget-heading\" data-id=\"c79150b\" data-element_type=\"widget\" data-e-type=\"widget\" data-widget_type=\"heading.default\">\n\t\t\t\t<div class=\"elementor-widget-container\">\n\t\t\t\t\t<h2 class=\"elementor-heading-title elementor-size-default\">Unsere bisherigen Webinare anschauen<\/h2>\t\t\t\t<\/div>\n\t\t\t\t<\/div>\n\t\t\t\t<div class=\"elementor-element elementor-element-0cc9fdf elementor-widget elementor-widget-text-editor\" data-id=\"0cc9fdf\" data-element_type=\"widget\" data-e-type=\"widget\" data-widget_type=\"text-editor.default\">\n\t\t\t\t<div class=\"elementor-widget-container\">\n\t\t\t\t\t\t\t\t\t<p>Unsere Webinar-Bibliothek bietet Ihnen Expertenwissen zu den neuesten Entwicklungen im Wealth Management \u2013 schauen Sie rein!<\/p>\n\t\t\t\t\t\t\t\t<\/div>\n\t\t\t\t<\/div>\n\t\t\t\t<\/div>\n\t\t<div class=\"elementor-element elementor-element-c7a424e e-con-full e-flex e-con e-child\" data-id=\"c7a424e\" data-element_type=\"container\" data-e-type=\"container\" data-settings=\"{&quot;pix_scale_in&quot;:&quot;none&quot;}\">\n\t\t\t\t<div class=\"elementor-element elementor-element-f6f65bf elementor-widget elementor-widget-shortcode\" data-id=\"f6f65bf\" data-element_type=\"widget\" data-e-type=\"widget\" data-widget_type=\"shortcode.default\">\n\t\t\t\t<div class=\"elementor-widget-container\">\n\t\t\t\t\t\t\t<div class=\"elementor-shortcode\">    <div class=\"webinar-main\">\r\n        <div class=\"posting_loader_main webinar-loader\" >\r\n                <div class=\"posting_loader\" >\r\n                <\/div>\r\n        <\/div>\r\n\r\n        <div class=\"webinar-listing\" id=\"webinar-listing\" data-postperpage=\"6\" data-lodemoretext=\"Mehr laden\">\r\n            <!-- Webinars will be loaded here -->\r\n        <\/div>\r\n        <div class=\"load-more-wrapper\">\r\n            <button class=\"elementor-button load-more-webinars\" aria-label=\"Load more webinars\" role=\"button\" data-page=\"1\" data-loading-button-text=\"Wird geladen...\">\r\n                <!-- <span class=\"elementor-button-text\">Load more<\/span> -->\r\n                <span class=\"elementor-button-text\">Mehr laden<\/span>\r\n            <\/button>\r\n        <\/div>\r\n    <\/div>\r\n\r\n    <script>\r\n        jQuery(document).ready(function ($) {\r\n            $('.webinar-loader').show();\r\n            var weblodemoretext = $('div#webinar-listing').attr('data-lodemoretext');\r\n            var webpostperpage = $('div#webinar-listing').attr('data-postperpage');\r\n            var currentpageid = $('body').attr('data-currentpageid');\r\n            function loadWebinars(page) {\r\n                $.ajax({\r\n                    url: \"https:\/\/3rd-eyes.com\/wp-admin\/admin-ajax.php\",\r\n                    type: \"POST\",\r\n                    data: {\r\n                        action: \"load_past_webinars\", \r\n                        page: page,\r\n                        postperpage: webpostperpage,\r\n                        currentpageid: currentpageid,\r\n                    },\r\n                    beforeSend: function() {\r\n                        WebinarLoadingText=jQuery(\".load-more-webinars\").data((\"loading-button-text\"));\r\n                        $('.load-more-webinars span').text(WebinarLoadingText);\r\n                    },\r\n                    success: function (response) {\r\n                        if (response.success) {\r\n                            $(\"#webinar-listing\").append(response.data.html);\r\n                            $(\".load-more-webinars\").data(\"page\", page + 1);\r\n\r\n                            \/\/ Hide the load more button if it's the last page\r\n                            if (page >= response.data.total_pages) {\r\n                                $(\".load-more-wrapper\").hide();\r\n                            }\r\n                            $('.load-more-webinars span').text(weblodemoretext);\r\n                        } else {\r\n                            $(\".load-more-wrapper\").hide();\r\n                        }\r\n                        $('.webinar-loader').hide();\r\n                    },\r\n                });\r\n            }\r\n\r\n            \/\/ Load initial webinars\r\n            loadWebinars(1);\r\n\r\n            \/\/ Load more webinars on button click\r\n            $(\".load-more-webinars\").on(\"click\", function () {\r\n                let page = $(this).data(\"page\");\r\n                loadWebinars(page);\r\n            });\r\n        });\r\n    <\/script>\r\n    <\/div>\n\t\t\t\t\t\t<\/div>\n\t\t\t\t<\/div>\n\t\t\t\t<\/div>\n\t\t\t\t\t<\/div>\n\t\t\t\t<\/div>\n\t\t\t\t<\/div>\n\t\t","protected":false},"excerpt":{"rendered":"<p>Webinare Webinare Webinar-Auszug. Jetzt registrieren Webinar-Bibliothek Unsere bisherigen Webinare anschauen Unsere Webinar-Bibliothek bietet Ihnen Expertenwissen zu den neuesten Entwicklungen im Wealth Management \u2013 schauen Sie rein!<\/p>\n","protected":false},"author":2,"featured_media":0,"parent":0,"menu_order":0,"comment_status":"closed","ping_status":"closed","template":"","meta":{"_acf_changed":false,"inline_featured_image":false,"footnotes":""},"class_list":["post-7476","page","type-page","status-publish","hentry"],"acf":[],"yoast_head":"<!-- This site is optimized with the Yoast SEO plugin v27.3 - https:\/\/yoast.com\/product\/yoast-seo-wordpress\/ -->\n<title>Webinare | Jetzt f\u00fcr das n\u00e4chste 3rd-eyes analytics Webinar registrieren<\/title>\n<meta name=\"description\" content=\"Sichern Sie sich Ihren Platz f\u00fcr das n\u00e4chste 3rd-eyes analytics Webinar. Erkunden Sie unsere Webinar-Bibliothek f\u00fcr Expertenwissen zu neuen Wealth Management Trends.\" \/>\n<meta name=\"robots\" content=\"index, follow, max-snippet:-1, max-image-preview:large, max-video-preview:-1\" \/>\n<link rel=\"canonical\" href=\"https:\/\/3rd-eyes.com\/de\/webinar-registrierung\/\" \/>\n<meta property=\"og:locale\" content=\"de_DE\" \/>\n<meta property=\"og:type\" content=\"article\" \/>\n<meta property=\"og:title\" content=\"Webinare | Jetzt f\u00fcr das n\u00e4chste 3rd-eyes analytics Webinar registrieren\" \/>\n<meta property=\"og:description\" content=\"Sichern Sie sich Ihren Platz f\u00fcr das n\u00e4chste 3rd-eyes analytics Webinar. Erkunden Sie unsere Webinar-Bibliothek f\u00fcr Expertenwissen zu neuen Wealth Management Trends.\" \/>\n<meta property=\"og:url\" content=\"https:\/\/3rd-eyes.com\/de\/webinar-registrierung\/\" \/>\n<meta property=\"og:site_name\" content=\"3rd-eyes analytics\" \/>\n<meta property=\"article:modified_time\" content=\"2025-02-07T09:38:58+00:00\" \/>\n<meta name=\"twitter:card\" content=\"summary_large_image\" \/>\n<meta name=\"twitter:label1\" content=\"Gesch\u00e4tzte Lesezeit\" \/>\n\t<meta name=\"twitter:data1\" content=\"1\u00a0Minute\" \/>\n<script type=\"application\/ld+json\" class=\"yoast-schema-graph\">{\"@context\":\"https:\\\/\\\/schema.org\",\"@graph\":[{\"@type\":\"WebPage\",\"@id\":\"https:\\\/\\\/3rd-eyes.com\\\/de\\\/webinar-registrierung\\\/\",\"url\":\"https:\\\/\\\/3rd-eyes.com\\\/de\\\/webinar-registrierung\\\/\",\"name\":\"Webinare | Jetzt f\u00fcr das n\u00e4chste 3rd-eyes analytics Webinar registrieren\",\"isPartOf\":{\"@id\":\"https:\\\/\\\/3rd-eyes.com\\\/de\\\/#website\"},\"datePublished\":\"2025-01-17T08:04:49+00:00\",\"dateModified\":\"2025-02-07T09:38:58+00:00\",\"description\":\"Sichern Sie sich Ihren Platz f\u00fcr das n\u00e4chste 3rd-eyes analytics Webinar. Erkunden Sie unsere Webinar-Bibliothek f\u00fcr Expertenwissen zu neuen Wealth Management Trends.\",\"breadcrumb\":{\"@id\":\"https:\\\/\\\/3rd-eyes.com\\\/de\\\/webinar-registrierung\\\/#breadcrumb\"},\"inLanguage\":\"de\",\"potentialAction\":[{\"@type\":\"ReadAction\",\"target\":[\"https:\\\/\\\/3rd-eyes.com\\\/de\\\/webinar-registrierung\\\/\"]}]},{\"@type\":\"BreadcrumbList\",\"@id\":\"https:\\\/\\\/3rd-eyes.com\\\/de\\\/webinar-registrierung\\\/#breadcrumb\",\"itemListElement\":[{\"@type\":\"ListItem\",\"position\":1,\"name\":\"Home\",\"item\":\"https:\\\/\\\/3rd-eyes.com\\\/de\\\/startseite\\\/\"},{\"@type\":\"ListItem\",\"position\":2,\"name\":\"Webinar-Anmeldung\"}]},{\"@type\":\"WebSite\",\"@id\":\"https:\\\/\\\/3rd-eyes.com\\\/de\\\/#website\",\"url\":\"https:\\\/\\\/3rd-eyes.com\\\/de\\\/\",\"name\":\"3rd-eyes analytics\",\"description\":\"\",\"potentialAction\":[{\"@type\":\"SearchAction\",\"target\":{\"@type\":\"EntryPoint\",\"urlTemplate\":\"https:\\\/\\\/3rd-eyes.com\\\/de\\\/?s={search_term_string}\"},\"query-input\":{\"@type\":\"PropertyValueSpecification\",\"valueRequired\":true,\"valueName\":\"search_term_string\"}}],\"inLanguage\":\"de\"}]}<\/script>\n<!-- \/ Yoast SEO plugin. -->","yoast_head_json":{"title":"Webinare | Jetzt f\u00fcr das n\u00e4chste 3rd-eyes analytics Webinar registrieren","description":"Sichern Sie sich Ihren Platz f\u00fcr das n\u00e4chste 3rd-eyes analytics Webinar. Erkunden Sie unsere Webinar-Bibliothek f\u00fcr Expertenwissen zu neuen Wealth Management Trends.","robots":{"index":"index","follow":"follow","max-snippet":"max-snippet:-1","max-image-preview":"max-image-preview:large","max-video-preview":"max-video-preview:-1"},"canonical":"https:\/\/3rd-eyes.com\/de\/webinar-registrierung\/","og_locale":"de_DE","og_type":"article","og_title":"Webinare | Jetzt f\u00fcr das n\u00e4chste 3rd-eyes analytics Webinar registrieren","og_description":"Sichern Sie sich Ihren Platz f\u00fcr das n\u00e4chste 3rd-eyes analytics Webinar. Erkunden Sie unsere Webinar-Bibliothek f\u00fcr Expertenwissen zu neuen Wealth Management Trends.","og_url":"https:\/\/3rd-eyes.com\/de\/webinar-registrierung\/","og_site_name":"3rd-eyes analytics","article_modified_time":"2025-02-07T09:38:58+00:00","twitter_card":"summary_large_image","twitter_misc":{"Gesch\u00e4tzte Lesezeit":"1\u00a0Minute"},"schema":{"@context":"https:\/\/schema.org","@graph":[{"@type":"WebPage","@id":"https:\/\/3rd-eyes.com\/de\/webinar-registrierung\/","url":"https:\/\/3rd-eyes.com\/de\/webinar-registrierung\/","name":"Webinare | Jetzt f\u00fcr das n\u00e4chste 3rd-eyes analytics Webinar registrieren","isPartOf":{"@id":"https:\/\/3rd-eyes.com\/de\/#website"},"datePublished":"2025-01-17T08:04:49+00:00","dateModified":"2025-02-07T09:38:58+00:00","description":"Sichern Sie sich Ihren Platz f\u00fcr das n\u00e4chste 3rd-eyes analytics Webinar. Erkunden Sie unsere Webinar-Bibliothek f\u00fcr Expertenwissen zu neuen Wealth Management Trends.","breadcrumb":{"@id":"https:\/\/3rd-eyes.com\/de\/webinar-registrierung\/#breadcrumb"},"inLanguage":"de","potentialAction":[{"@type":"ReadAction","target":["https:\/\/3rd-eyes.com\/de\/webinar-registrierung\/"]}]},{"@type":"BreadcrumbList","@id":"https:\/\/3rd-eyes.com\/de\/webinar-registrierung\/#breadcrumb","itemListElement":[{"@type":"ListItem","position":1,"name":"Home","item":"https:\/\/3rd-eyes.com\/de\/startseite\/"},{"@type":"ListItem","position":2,"name":"Webinar-Anmeldung"}]},{"@type":"WebSite","@id":"https:\/\/3rd-eyes.com\/de\/#website","url":"https:\/\/3rd-eyes.com\/de\/","name":"3rd-eyes analytics","description":"","potentialAction":[{"@type":"SearchAction","target":{"@type":"EntryPoint","urlTemplate":"https:\/\/3rd-eyes.com\/de\/?s={search_term_string}"},"query-input":{"@type":"PropertyValueSpecification","valueRequired":true,"valueName":"search_term_string"}}],"inLanguage":"de"}]}},"_links":{"self":[{"href":"https:\/\/3rd-eyes.com\/de\/wp-json\/wp\/v2\/pages\/7476","targetHints":{"allow":["GET"]}}],"collection":[{"href":"https:\/\/3rd-eyes.com\/de\/wp-json\/wp\/v2\/pages"}],"about":[{"href":"https:\/\/3rd-eyes.com\/de\/wp-json\/wp\/v2\/types\/page"}],"author":[{"embeddable":true,"href":"https:\/\/3rd-eyes.com\/de\/wp-json\/wp\/v2\/users\/2"}],"replies":[{"embeddable":true,"href":"https:\/\/3rd-eyes.com\/de\/wp-json\/wp\/v2\/comments?post=7476"}],"version-history":[{"count":0,"href":"https:\/\/3rd-eyes.com\/de\/wp-json\/wp\/v2\/pages\/7476\/revisions"}],"wp:attachment":[{"href":"https:\/\/3rd-eyes.com\/de\/wp-json\/wp\/v2\/media?parent=7476"}],"curies":[{"name":"wp","href":"https:\/\/api.w.org\/{rel}","templated":true}]}}