{"id":7568,"date":"2025-01-24T08:25:37","date_gmt":"2025-01-24T08:25:37","guid":{"rendered":"https:\/\/3rd-eyes.com\/404-page\/"},"modified":"2025-02-07T10:08:44","modified_gmt":"2025-02-07T10:08:44","slug":"404-seite","status":"publish","type":"page","link":"https:\/\/3rd-eyes.com\/de\/404-seite\/","title":{"rendered":"404 Seite"},"content":{"rendered":"    <div id=\"content\" class=\"site-content error_custom_block error-404 not-found\" style=\"\">\n        <div class=\"error_404 text-center err_custom\">\n            <div class=\"error_content\">\n                <div class=\"error_header\">\n                    <h1 class=\"not_found_title\">404<\/h1>\n                    <h2 class=\"page-title2\">Hoppla! Seite nicht gefunden<\/h2>\n                <\/div>\n                <div class=\"error_desc\">\n                    <p>Die Seite, die Sie suchen, wurde m\u00f6glicherweise umbenannt, ge\u00e4ndert oder ist vor\u00fcbergehend nicht verf\u00fcgbar.<\/p>\n                <\/div>\n            <\/div>\n            <div class=\"error_button\">\n                <a class=\"elementor-button\" href=\"https:\/\/3rd-eyes.com\/de\/\" role=\"button\" aria-label=\"Back to Home page Link\">\n                    <span class=\"elementor-button-text\">Zur\u00fcck zur Startseite<\/span>\n                <\/a>\n            <\/div>\n        <\/div>\n        <div class=\"container err_custom_hide err_custom\">\n            <div class=\"row err_custom\">\n                <div class=\"col-12 my-0 py-0 err_custom\">\n                <\/div>\n            <\/div>\n        <\/div>\n    <\/div>\n    \n","protected":false},"excerpt":{"rendered":"","protected":false},"author":2,"featured_media":0,"parent":0,"menu_order":0,"comment_status":"closed","ping_status":"closed","template":"","meta":{"_acf_changed":false,"inline_featured_image":false,"footnotes":""},"class_list":["post-7568","page","type-page","status-publish","hentry"],"acf":[],"yoast_head":"<!-- This site is optimized with the Yoast SEO plugin v27.3 - https:\/\/yoast.com\/product\/yoast-seo-wordpress\/ -->\n<title>404 Seite nicht gefunden 3rd-eyes analytics<\/title>\n<meta name=\"description\" content=\"Die Seite, die Sie suchen, wurde m\u00f6glicherweise umbenannt, ge\u00e4ndert oder ist vor\u00fcbergehend nicht verf\u00fcgbar.\" \/>\n<meta name=\"robots\" content=\"index, follow, max-snippet:-1, max-image-preview:large, max-video-preview:-1\" \/>\n<link rel=\"canonical\" href=\"https:\/\/3rd-eyes.com\/de\/404-seite\/\" \/>\n<meta property=\"og:locale\" content=\"de_DE\" \/>\n<meta property=\"og:type\" content=\"article\" \/>\n<meta property=\"og:title\" content=\"404 Seite nicht gefunden 3rd-eyes analytics\" \/>\n<meta property=\"og:description\" content=\"Die Seite, die Sie suchen, wurde m\u00f6glicherweise umbenannt, ge\u00e4ndert oder ist vor\u00fcbergehend nicht verf\u00fcgbar.\" \/>\n<meta property=\"og:url\" content=\"https:\/\/3rd-eyes.com\/de\/404-seite\/\" \/>\n<meta property=\"og:site_name\" content=\"3rd-eyes analytics\" \/>\n<meta property=\"article:modified_time\" content=\"2025-02-07T10:08:44+00:00\" \/>\n<meta name=\"twitter:card\" content=\"summary_large_image\" \/>\n<meta name=\"twitter:label1\" content=\"Gesch\u00e4tzte Lesezeit\" \/>\n\t<meta name=\"twitter:data1\" content=\"1\u00a0Minute\" \/>\n<script type=\"application\/ld+json\" class=\"yoast-schema-graph\">{\"@context\":\"https:\\\/\\\/schema.org\",\"@graph\":[{\"@type\":\"WebPage\",\"@id\":\"https:\\\/\\\/3rd-eyes.com\\\/de\\\/404-seite\\\/\",\"url\":\"https:\\\/\\\/3rd-eyes.com\\\/de\\\/404-seite\\\/\",\"name\":\"404 Seite nicht gefunden 3rd-eyes analytics\",\"isPartOf\":{\"@id\":\"https:\\\/\\\/3rd-eyes.com\\\/de\\\/#website\"},\"datePublished\":\"2025-01-24T08:25:37+00:00\",\"dateModified\":\"2025-02-07T10:08:44+00:00\",\"description\":\"Die Seite, die Sie suchen, wurde m\u00f6glicherweise umbenannt, ge\u00e4ndert oder ist vor\u00fcbergehend nicht verf\u00fcgbar.\",\"breadcrumb\":{\"@id\":\"https:\\\/\\\/3rd-eyes.com\\\/de\\\/404-seite\\\/#breadcrumb\"},\"inLanguage\":\"de\",\"potentialAction\":[{\"@type\":\"ReadAction\",\"target\":[\"https:\\\/\\\/3rd-eyes.com\\\/de\\\/404-seite\\\/\"]}]},{\"@type\":\"BreadcrumbList\",\"@id\":\"https:\\\/\\\/3rd-eyes.com\\\/de\\\/404-seite\\\/#breadcrumb\",\"itemListElement\":[{\"@type\":\"ListItem\",\"position\":1,\"name\":\"Home\",\"item\":\"https:\\\/\\\/3rd-eyes.com\\\/de\\\/startseite\\\/\"},{\"@type\":\"ListItem\",\"position\":2,\"name\":\"404 Seite\"}]},{\"@type\":\"WebSite\",\"@id\":\"https:\\\/\\\/3rd-eyes.com\\\/de\\\/#website\",\"url\":\"https:\\\/\\\/3rd-eyes.com\\\/de\\\/\",\"name\":\"3rd-eyes analytics\",\"description\":\"\",\"potentialAction\":[{\"@type\":\"SearchAction\",\"target\":{\"@type\":\"EntryPoint\",\"urlTemplate\":\"https:\\\/\\\/3rd-eyes.com\\\/de\\\/?s={search_term_string}\"},\"query-input\":{\"@type\":\"PropertyValueSpecification\",\"valueRequired\":true,\"valueName\":\"search_term_string\"}}],\"inLanguage\":\"de\"}]}<\/script>\n<!-- \/ Yoast SEO plugin. -->","yoast_head_json":{"title":"404 Seite nicht gefunden 3rd-eyes analytics","description":"Die Seite, die Sie suchen, wurde m\u00f6glicherweise umbenannt, ge\u00e4ndert oder ist vor\u00fcbergehend nicht verf\u00fcgbar.","robots":{"index":"index","follow":"follow","max-snippet":"max-snippet:-1","max-image-preview":"max-image-preview:large","max-video-preview":"max-video-preview:-1"},"canonical":"https:\/\/3rd-eyes.com\/de\/404-seite\/","og_locale":"de_DE","og_type":"article","og_title":"404 Seite nicht gefunden 3rd-eyes analytics","og_description":"Die Seite, die Sie suchen, wurde m\u00f6glicherweise umbenannt, ge\u00e4ndert oder ist vor\u00fcbergehend nicht verf\u00fcgbar.","og_url":"https:\/\/3rd-eyes.com\/de\/404-seite\/","og_site_name":"3rd-eyes analytics","article_modified_time":"2025-02-07T10:08:44+00:00","twitter_card":"summary_large_image","twitter_misc":{"Gesch\u00e4tzte Lesezeit":"1\u00a0Minute"},"schema":{"@context":"https:\/\/schema.org","@graph":[{"@type":"WebPage","@id":"https:\/\/3rd-eyes.com\/de\/404-seite\/","url":"https:\/\/3rd-eyes.com\/de\/404-seite\/","name":"404 Seite nicht gefunden 3rd-eyes analytics","isPartOf":{"@id":"https:\/\/3rd-eyes.com\/de\/#website"},"datePublished":"2025-01-24T08:25:37+00:00","dateModified":"2025-02-07T10:08:44+00:00","description":"Die Seite, die Sie suchen, wurde m\u00f6glicherweise umbenannt, ge\u00e4ndert oder ist vor\u00fcbergehend nicht verf\u00fcgbar.","breadcrumb":{"@id":"https:\/\/3rd-eyes.com\/de\/404-seite\/#breadcrumb"},"inLanguage":"de","potentialAction":[{"@type":"ReadAction","target":["https:\/\/3rd-eyes.com\/de\/404-seite\/"]}]},{"@type":"BreadcrumbList","@id":"https:\/\/3rd-eyes.com\/de\/404-seite\/#breadcrumb","itemListElement":[{"@type":"ListItem","position":1,"name":"Home","item":"https:\/\/3rd-eyes.com\/de\/startseite\/"},{"@type":"ListItem","position":2,"name":"404 Seite"}]},{"@type":"WebSite","@id":"https:\/\/3rd-eyes.com\/de\/#website","url":"https:\/\/3rd-eyes.com\/de\/","name":"3rd-eyes analytics","description":"","potentialAction":[{"@type":"SearchAction","target":{"@type":"EntryPoint","urlTemplate":"https:\/\/3rd-eyes.com\/de\/?s={search_term_string}"},"query-input":{"@type":"PropertyValueSpecification","valueRequired":true,"valueName":"search_term_string"}}],"inLanguage":"de"}]}},"_links":{"self":[{"href":"https:\/\/3rd-eyes.com\/de\/wp-json\/wp\/v2\/pages\/7568","targetHints":{"allow":["GET"]}}],"collection":[{"href":"https:\/\/3rd-eyes.com\/de\/wp-json\/wp\/v2\/pages"}],"about":[{"href":"https:\/\/3rd-eyes.com\/de\/wp-json\/wp\/v2\/types\/page"}],"author":[{"embeddable":true,"href":"https:\/\/3rd-eyes.com\/de\/wp-json\/wp\/v2\/users\/2"}],"replies":[{"embeddable":true,"href":"https:\/\/3rd-eyes.com\/de\/wp-json\/wp\/v2\/comments?post=7568"}],"version-history":[{"count":0,"href":"https:\/\/3rd-eyes.com\/de\/wp-json\/wp\/v2\/pages\/7568\/revisions"}],"wp:attachment":[{"href":"https:\/\/3rd-eyes.com\/de\/wp-json\/wp\/v2\/media?parent=7568"}],"curies":[{"name":"wp","href":"https:\/\/api.w.org\/{rel}","templated":true}]}}