{"id":7788,"date":"2025-01-30T14:37:34","date_gmt":"2025-01-30T14:37:34","guid":{"rendered":"https:\/\/3rd-eyes.com\/imprint\/"},"modified":"2025-02-17T09:09:40","modified_gmt":"2025-02-17T09:09:40","slug":"impressum","status":"publish","type":"page","link":"https:\/\/3rd-eyes.com\/de\/impressum\/","title":{"rendered":"Impressum"},"content":{"rendered":"\t\t<div data-elementor-type=\"wp-page\" data-elementor-id=\"7788\" class=\"elementor elementor-7788 elementor-7718\">\n\t\t\t\t<div class=\"elementor-element elementor-element-016d397 e-flex e-con-boxed e-con e-parent\" data-id=\"016d397\" data-element_type=\"container\" data-e-type=\"container\" data-settings=\"{&quot;background_background&quot;:&quot;classic&quot;,&quot;pix_scale_in&quot;:&quot;none&quot;}\">\n\t\t\t\t\t<div class=\"e-con-inner\">\n\t\t\t\t<div class=\"elementor-element elementor-element-e9a66dd elementor-widget elementor-widget-heading\" data-id=\"e9a66dd\" data-element_type=\"widget\" data-e-type=\"widget\" data-widget_type=\"heading.default\">\n\t\t\t\t<div class=\"elementor-widget-container\">\n\t\t\t\t\t<h1 class=\"elementor-heading-title elementor-size-default\">Impressum<\/h1>\t\t\t\t<\/div>\n\t\t\t\t<\/div>\n\t\t\t\t\t<\/div>\n\t\t\t\t<\/div>\n\t\t<div class=\"elementor-element elementor-element-9a97e9a e-flex e-con-boxed e-con e-parent\" data-id=\"9a97e9a\" data-element_type=\"container\" data-e-type=\"container\" data-settings=\"{&quot;pix_scale_in&quot;:&quot;none&quot;}\">\n\t\t\t\t\t<div class=\"e-con-inner\">\n\t\t<div class=\"elementor-element elementor-element-e0e2a89 e-con-full e-flex e-con e-child\" data-id=\"e0e2a89\" data-element_type=\"container\" data-e-type=\"container\" data-settings=\"{&quot;pix_scale_in&quot;:&quot;none&quot;}\">\n\t\t\t\t<div class=\"elementor-element elementor-element-0d84382 elementor-widget elementor-widget-heading\" data-id=\"0d84382\" data-element_type=\"widget\" data-e-type=\"widget\" data-widget_type=\"heading.default\">\n\t\t\t\t<div class=\"elementor-widget-container\">\n\t\t\t\t\t<h2 class=\"elementor-heading-title elementor-size-default\">Verantwortliche Instanz:<\/h2>\t\t\t\t<\/div>\n\t\t\t\t<\/div>\n\t\t\t\t<div class=\"elementor-element elementor-element-8226282 elementor-widget elementor-widget-text-editor\" data-id=\"8226282\" data-element_type=\"widget\" data-e-type=\"widget\" data-widget_type=\"text-editor.default\">\n\t\t\t\t<div class=\"elementor-widget-container\">\n\t\t\t\t\t\t\t\t\t<p>3rd-eyes analytics AG<br \/>Wyssgasse 6<br \/>8004 Z\u00fcrich<br \/>Schweiz<\/p>\n\t\t\t\t\t\t\t\t<\/div>\n\t\t\t\t<\/div>\n\t\t\t\t<\/div>\n\t\t<div class=\"elementor-element elementor-element-040f1f2 e-con-full e-flex e-con e-child\" data-id=\"040f1f2\" data-element_type=\"container\" data-e-type=\"container\" data-settings=\"{&quot;pix_scale_in&quot;:&quot;none&quot;}\">\n\t\t\t\t<div class=\"elementor-element elementor-element-648a1f8 elementor-widget elementor-widget-heading\" data-id=\"648a1f8\" data-element_type=\"widget\" data-e-type=\"widget\" data-widget_type=\"heading.default\">\n\t\t\t\t<div class=\"elementor-widget-container\">\n\t\t\t\t\t<h2 class=\"elementor-heading-title elementor-size-default\">Vertretungsberechtigte Personen:<\/h2>\t\t\t\t<\/div>\n\t\t\t\t<\/div>\n\t\t\t\t<div class=\"elementor-element elementor-element-30febaa elementor-widget elementor-widget-text-editor\" data-id=\"30febaa\" data-element_type=\"widget\" data-e-type=\"widget\" data-widget_type=\"text-editor.default\">\n\t\t\t\t<div class=\"elementor-widget-container\">\n\t\t\t\t\t\t\t\t\t<p>Feigt, Stephanie, deutsche Staatsangeh\u00f6rige, in Jestetten (DE)<br \/>Amandi G\u00f3mez, Rodrigo, spanischer Staatsangeh\u00f6riger, in Z\u00fcrich<br \/>Mettler, Marc, von K\u00fcsnacht (ZH), in K\u00fcsnacht (ZH)<br \/>Mohrhardt, Stephan, deutscher Staatsangeh\u00f6riger, in M\u00fcnchen (DE)<br \/>P\u00fctter, Thomas, deutscher Staatsangeh\u00f6riger, in London (GB)<br \/>P\u00f6tschke, Holger, deutscher Staatsangeh\u00f6riger, in M\u00fcnchen (DE)<br \/>Treuhand- und Revisionsgesellschaft Mattig-Suter und Partner (CHE-107.823.374), in Z\u00fcrich<br \/>Schmidt, Karl Matth\u00e4us, deutscher Staatsangeh\u00f6riger, in Berlin (DE)<br \/>Schulz, Stefan, deutscher Staatsangeh\u00f6riger, in Falkensee (DE)<\/p>\n<p><strong>Name der Firma:<\/strong> 3rd-eyes analytics AG<br \/><strong>Registrationsnummer:<\/strong> CHE-374.086.591<br \/><strong>Umsatzsteuer-Identifikationsnummer:<\/strong> CHE-374.086.591 MWST<\/p>\n\t\t\t\t\t\t\t\t<\/div>\n\t\t\t\t<\/div>\n\t\t\t\t<\/div>\n\t\t<div class=\"elementor-element elementor-element-ee760a3 e-con-full e-flex e-con e-child\" data-id=\"ee760a3\" data-element_type=\"container\" data-e-type=\"container\" data-settings=\"{&quot;pix_scale_in&quot;:&quot;none&quot;}\">\n\t\t\t\t<div class=\"elementor-element elementor-element-f5d64c5 elementor-widget elementor-widget-heading\" data-id=\"f5d64c5\" data-element_type=\"widget\" data-e-type=\"widget\" data-widget_type=\"heading.default\">\n\t\t\t\t<div class=\"elementor-widget-container\">\n\t\t\t\t\t<h2 class=\"elementor-heading-title elementor-size-default\">Haftungsausschluss:<\/h2>\t\t\t\t<\/div>\n\t\t\t\t<\/div>\n\t\t\t\t<div class=\"elementor-element elementor-element-8038c33 elementor-widget elementor-widget-text-editor\" data-id=\"8038c33\" data-element_type=\"widget\" data-e-type=\"widget\" data-widget_type=\"text-editor.default\">\n\t\t\t\t<div class=\"elementor-widget-container\">\n\t\t\t\t\t\t\t\t\t<p>Der Verfasser \u00fcbernimmt keine Verantwortung f\u00fcr die Richtigkeit, Genauigkeit, Aktualit\u00e4t, Zuverl\u00e4ssigkeit und Vollst\u00e4ndigkeit der Informationen auf dieser Webseite. Haftungsanspr\u00fcche gegen den Verfasser wegen Sch\u00e4den materieller oder immaterieller Natur, die durch den Zugriff, die Nutzung oder Nichtnutzung der ver\u00f6ffentlichten Informationen, durch Missbrauch der Verbindung oder durch technische St\u00f6rungen entstanden sind, werden ausgeschlossen. Alle Angebote sind freibleibend und unverbindlich. Der Verfasser beh\u00e4lt sich ausdr\u00fccklich vor, Teile der Seiten oder das gesamte Angebot ohne separate Ank\u00fcndigung zu ver\u00e4ndern, zu erg\u00e4nzen, zu l\u00f6schen oder die Ver\u00f6ffentlichung zeitweise oder endg\u00fcltig einzustellen.    <\/p>\n\t\t\t\t\t\t\t\t<\/div>\n\t\t\t\t<\/div>\n\t\t\t\t<\/div>\n\t\t<div class=\"elementor-element elementor-element-2ea25f3 e-con-full e-flex e-con e-child\" data-id=\"2ea25f3\" data-element_type=\"container\" data-e-type=\"container\" data-settings=\"{&quot;pix_scale_in&quot;:&quot;none&quot;}\">\n\t\t\t\t<div class=\"elementor-element elementor-element-a10e492 elementor-widget elementor-widget-heading\" data-id=\"a10e492\" data-element_type=\"widget\" data-e-type=\"widget\" data-widget_type=\"heading.default\">\n\t\t\t\t<div class=\"elementor-widget-container\">\n\t\t\t\t\t<h2 class=\"elementor-heading-title elementor-size-default\">Haftungsausschluss f\u00fcr Inhalte und Links:<\/h2>\t\t\t\t<\/div>\n\t\t\t\t<\/div>\n\t\t\t\t<div class=\"elementor-element elementor-element-75cbf7f elementor-widget elementor-widget-text-editor\" data-id=\"75cbf7f\" data-element_type=\"widget\" data-e-type=\"widget\" data-widget_type=\"text-editor.default\">\n\t\t\t\t<div class=\"elementor-widget-container\">\n\t\t\t\t\t\t\t\t\t<p>Verweise und Links auf Webseiten Dritter liegen ausserhalb unseres Verantwortungsbereichs. Eine Haftung f\u00fcr solche Webseiten wird vollumf\u00e4nglich abgelehnt. Der Zugang und die Nutzung solcher Webseiten erfolgen auf eigene Gefahr des Nutzers oder der Nutzerin.  <\/p>\n\t\t\t\t\t\t\t\t<\/div>\n\t\t\t\t<\/div>\n\t\t\t\t<\/div>\n\t\t<div class=\"elementor-element elementor-element-fa7449e e-con-full e-flex e-con e-child\" data-id=\"fa7449e\" data-element_type=\"container\" data-e-type=\"container\" data-settings=\"{&quot;pix_scale_in&quot;:&quot;none&quot;}\">\n\t\t\t\t<div class=\"elementor-element elementor-element-2ad64d0 elementor-widget elementor-widget-heading\" data-id=\"2ad64d0\" data-element_type=\"widget\" data-e-type=\"widget\" data-widget_type=\"heading.default\">\n\t\t\t\t<div class=\"elementor-widget-container\">\n\t\t\t\t\t<h2 class=\"elementor-heading-title elementor-size-default\">Urheberrechtserkl\u00e4rung:<\/h2>\t\t\t\t<\/div>\n\t\t\t\t<\/div>\n\t\t\t\t<div class=\"elementor-element elementor-element-836534a elementor-widget elementor-widget-text-editor\" data-id=\"836534a\" data-element_type=\"widget\" data-e-type=\"widget\" data-widget_type=\"text-editor.default\">\n\t\t\t\t<div class=\"elementor-widget-container\">\n\t\t\t\t\t\t\t\t\t<p>Das Urheberrecht sowie alle anderen Rechte an den Inhalten, Bildern, Fotos und anderen Dateien auf der Webseite geh\u00f6ren ausschliesslich 3rd-eyes analytics AG oder den ausdr\u00fccklich benannten Rechtsinhabern. Die Gestaltung dieser Angaben erfolgte mit Unterst\u00fctzung durch den dartera Impressum-Generator. Jede Art der Vervielf\u00e4ltigung, Bearbeitung, Verbreitung und jede Art der Verwertung ausserhalb der Grenzen des Urheberrechts bed\u00fcrfen der vorherigen schriftlichen Zustimmung des jeweiligen Rechteinhabers.  <\/p>\n<p><strong>Quelle:<\/strong> <a role=\"button\" href=\"https:\/\/dartera.ch\/\" target=\"_blank\" rel=\"noopener\" aria-label=\"dartera\">dartera<\/a><\/p>\n\t\t\t\t\t\t\t\t<\/div>\n\t\t\t\t<\/div>\n\t\t\t\t<\/div>\n\t\t\t\t\t<\/div>\n\t\t\t\t<\/div>\n\t\t\t\t<\/div>\n\t\t","protected":false},"excerpt":{"rendered":"<p>Impressum Verantwortliche Instanz: 3rd-eyes analytics AGWyssgasse 68004 Z\u00fcrichSchweiz Vertretungsberechtigte Personen: Feigt, Stephanie, deutsche Staatsangeh\u00f6rige, in Jestetten (DE)Amandi G\u00f3mez, Rodrigo, spanischer Staatsangeh\u00f6riger, in Z\u00fcrichMettler, Marc, von K\u00fcsnacht (ZH), in K\u00fcsnacht (ZH)Mohrhardt, Stephan, deutscher Staatsangeh\u00f6riger, in M\u00fcnchen (DE)P\u00fctter, Thomas, deutscher Staatsangeh\u00f6riger, in&#8230;<\/p>\n","protected":false},"author":2,"featured_media":0,"parent":0,"menu_order":0,"comment_status":"closed","ping_status":"closed","template":"","meta":{"_acf_changed":false,"inline_featured_image":false,"footnotes":""},"class_list":["post-7788","page","type-page","status-publish","hentry"],"acf":[],"yoast_head":"<!-- This site is optimized with the Yoast SEO plugin v27.3 - https:\/\/yoast.com\/product\/yoast-seo-wordpress\/ -->\n<title>Impressum - 3rd-eyes analytics<\/title>\n<meta name=\"robots\" content=\"noindex, nofollow\" \/>\n<meta property=\"og:locale\" content=\"de_DE\" \/>\n<meta property=\"og:type\" content=\"article\" \/>\n<meta property=\"og:title\" content=\"Impressum - 3rd-eyes analytics\" \/>\n<meta property=\"og:description\" content=\"Impressum Verantwortliche Instanz: 3rd-eyes analytics AGWyssgasse 68004 Z\u00fcrichSchweiz Vertretungsberechtigte Personen: Feigt, Stephanie, deutsche Staatsangeh\u00f6rige, in Jestetten (DE)Amandi G\u00f3mez, Rodrigo, spanischer Staatsangeh\u00f6riger, in Z\u00fcrichMettler, Marc, von K\u00fcsnacht (ZH), in K\u00fcsnacht (ZH)Mohrhardt, Stephan, deutscher Staatsangeh\u00f6riger, in M\u00fcnchen (DE)P\u00fctter, Thomas, deutscher Staatsangeh\u00f6riger, in...\" \/>\n<meta property=\"og:url\" content=\"https:\/\/3rd-eyes.com\/de\/impressum\/\" \/>\n<meta property=\"og:site_name\" content=\"3rd-eyes analytics\" \/>\n<meta property=\"article:modified_time\" content=\"2025-02-17T09:09:40+00:00\" \/>\n<meta name=\"twitter:card\" content=\"summary_large_image\" \/>\n<meta name=\"twitter:label1\" content=\"Gesch\u00e4tzte Lesezeit\" \/>\n\t<meta name=\"twitter:data1\" content=\"2\u00a0Minuten\" \/>\n<script type=\"application\/ld+json\" class=\"yoast-schema-graph\">{\"@context\":\"https:\\\/\\\/schema.org\",\"@graph\":[{\"@type\":\"WebPage\",\"@id\":\"https:\\\/\\\/3rd-eyes.com\\\/de\\\/impressum\\\/\",\"url\":\"https:\\\/\\\/3rd-eyes.com\\\/de\\\/impressum\\\/\",\"name\":\"Impressum - 3rd-eyes analytics\",\"isPartOf\":{\"@id\":\"https:\\\/\\\/3rd-eyes.com\\\/de\\\/#website\"},\"datePublished\":\"2025-01-30T14:37:34+00:00\",\"dateModified\":\"2025-02-17T09:09:40+00:00\",\"breadcrumb\":{\"@id\":\"https:\\\/\\\/3rd-eyes.com\\\/de\\\/impressum\\\/#breadcrumb\"},\"inLanguage\":\"de\",\"potentialAction\":[{\"@type\":\"ReadAction\",\"target\":[\"https:\\\/\\\/3rd-eyes.com\\\/de\\\/impressum\\\/\"]}]},{\"@type\":\"BreadcrumbList\",\"@id\":\"https:\\\/\\\/3rd-eyes.com\\\/de\\\/impressum\\\/#breadcrumb\",\"itemListElement\":[{\"@type\":\"ListItem\",\"position\":1,\"name\":\"Home\",\"item\":\"https:\\\/\\\/3rd-eyes.com\\\/de\\\/startseite\\\/\"},{\"@type\":\"ListItem\",\"position\":2,\"name\":\"Impressum\"}]},{\"@type\":\"WebSite\",\"@id\":\"https:\\\/\\\/3rd-eyes.com\\\/de\\\/#website\",\"url\":\"https:\\\/\\\/3rd-eyes.com\\\/de\\\/\",\"name\":\"3rd-eyes analytics\",\"description\":\"\",\"potentialAction\":[{\"@type\":\"SearchAction\",\"target\":{\"@type\":\"EntryPoint\",\"urlTemplate\":\"https:\\\/\\\/3rd-eyes.com\\\/de\\\/?s={search_term_string}\"},\"query-input\":{\"@type\":\"PropertyValueSpecification\",\"valueRequired\":true,\"valueName\":\"search_term_string\"}}],\"inLanguage\":\"de\"}]}<\/script>\n<!-- \/ Yoast SEO plugin. -->","yoast_head_json":{"title":"Impressum - 3rd-eyes analytics","robots":{"index":"noindex","follow":"nofollow"},"og_locale":"de_DE","og_type":"article","og_title":"Impressum - 3rd-eyes analytics","og_description":"Impressum Verantwortliche Instanz: 3rd-eyes analytics AGWyssgasse 68004 Z\u00fcrichSchweiz Vertretungsberechtigte Personen: Feigt, Stephanie, deutsche Staatsangeh\u00f6rige, in Jestetten (DE)Amandi G\u00f3mez, Rodrigo, spanischer Staatsangeh\u00f6riger, in Z\u00fcrichMettler, Marc, von K\u00fcsnacht (ZH), in K\u00fcsnacht (ZH)Mohrhardt, Stephan, deutscher Staatsangeh\u00f6riger, in M\u00fcnchen (DE)P\u00fctter, Thomas, deutscher Staatsangeh\u00f6riger, in...","og_url":"https:\/\/3rd-eyes.com\/de\/impressum\/","og_site_name":"3rd-eyes analytics","article_modified_time":"2025-02-17T09:09:40+00:00","twitter_card":"summary_large_image","twitter_misc":{"Gesch\u00e4tzte Lesezeit":"2\u00a0Minuten"},"schema":{"@context":"https:\/\/schema.org","@graph":[{"@type":"WebPage","@id":"https:\/\/3rd-eyes.com\/de\/impressum\/","url":"https:\/\/3rd-eyes.com\/de\/impressum\/","name":"Impressum - 3rd-eyes analytics","isPartOf":{"@id":"https:\/\/3rd-eyes.com\/de\/#website"},"datePublished":"2025-01-30T14:37:34+00:00","dateModified":"2025-02-17T09:09:40+00:00","breadcrumb":{"@id":"https:\/\/3rd-eyes.com\/de\/impressum\/#breadcrumb"},"inLanguage":"de","potentialAction":[{"@type":"ReadAction","target":["https:\/\/3rd-eyes.com\/de\/impressum\/"]}]},{"@type":"BreadcrumbList","@id":"https:\/\/3rd-eyes.com\/de\/impressum\/#breadcrumb","itemListElement":[{"@type":"ListItem","position":1,"name":"Home","item":"https:\/\/3rd-eyes.com\/de\/startseite\/"},{"@type":"ListItem","position":2,"name":"Impressum"}]},{"@type":"WebSite","@id":"https:\/\/3rd-eyes.com\/de\/#website","url":"https:\/\/3rd-eyes.com\/de\/","name":"3rd-eyes analytics","description":"","potentialAction":[{"@type":"SearchAction","target":{"@type":"EntryPoint","urlTemplate":"https:\/\/3rd-eyes.com\/de\/?s={search_term_string}"},"query-input":{"@type":"PropertyValueSpecification","valueRequired":true,"valueName":"search_term_string"}}],"inLanguage":"de"}]}},"_links":{"self":[{"href":"https:\/\/3rd-eyes.com\/de\/wp-json\/wp\/v2\/pages\/7788","targetHints":{"allow":["GET"]}}],"collection":[{"href":"https:\/\/3rd-eyes.com\/de\/wp-json\/wp\/v2\/pages"}],"about":[{"href":"https:\/\/3rd-eyes.com\/de\/wp-json\/wp\/v2\/types\/page"}],"author":[{"embeddable":true,"href":"https:\/\/3rd-eyes.com\/de\/wp-json\/wp\/v2\/users\/2"}],"replies":[{"embeddable":true,"href":"https:\/\/3rd-eyes.com\/de\/wp-json\/wp\/v2\/comments?post=7788"}],"version-history":[{"count":0,"href":"https:\/\/3rd-eyes.com\/de\/wp-json\/wp\/v2\/pages\/7788\/revisions"}],"wp:attachment":[{"href":"https:\/\/3rd-eyes.com\/de\/wp-json\/wp\/v2\/media?parent=7788"}],"curies":[{"name":"wp","href":"https:\/\/api.w.org\/{rel}","templated":true}]}}